{"id":101,"date":"2015-11-24T10:23:21","date_gmt":"2015-11-24T09:23:21","guid":{"rendered":"http:\/\/www.mag-fruits.fr\/?page_id=101"},"modified":"2022-04-27T16:04:14","modified_gmt":"2022-04-27T15:04:14","slug":"offre-restauration-commerciale","status":"publish","type":"page","link":"http:\/\/www.mag-fruits.fr\/index.php\/offre-restauration-commerciale\/","title":{"rendered":"Offre Restauration commerciale"},"content":{"rendered":"<p>[et_pb_section fb_built=\u00a0\u00bb1&Prime; fullwidth=\u00a0\u00bbon\u00a0\u00bb custom_padding_last_edited=\u00a0\u00bbon|desktop\u00a0\u00bb admin_label=\u00a0\u00bbSection\u00a0\u00bb _builder_version=\u00a0\u00bb3.22&Prime; background_image=\u00a0\u00bbhttp:\/\/www.mag-fruits.fr\/wp-content\/uploads\/2015\/12\/restauration-commerciale.jpg\u00a0\u00bb parallax=\u00a0\u00bbon\u00a0\u00bb parallax_method=\u00a0\u00bboff\u00a0\u00bb custom_padding_tablet=\u00a0\u00bb50px|0|50px|0&Prime; custom_css_main_element=\u00a0\u00bbheight:150px\u00a0\u00bb transparent_background=\u00a0\u00bboff\u00a0\u00bb padding_mobile=\u00a0\u00bboff\u00a0\u00bb make_fullwidth=\u00a0\u00bboff\u00a0\u00bb use_custom_width=\u00a0\u00bboff\u00a0\u00bb width_unit=\u00a0\u00bbon\u00a0\u00bb global_colors_info=\u00a0\u00bb{}\u00a0\u00bb custom_padding_phone=\u00a0\u00bb50px|0|50px|0&Prime;][\/et_pb_section][et_pb_section fb_built=\u00a0\u00bb1&Prime; specialty=\u00a0\u00bbon\u00a0\u00bb admin_label=\u00a0\u00bbSection\u00a0\u00bb _builder_version=\u00a0\u00bb3.22&Prime; global_colors_info=\u00a0\u00bb{}\u00a0\u00bb][et_pb_column type=\u00a0\u00bb3_4&Prime; specialty_columns=\u00a0\u00bb3&Prime; _builder_version=\u00a0\u00bb3.25&Prime; custom_padding=\u00a0\u00bb|||\u00a0\u00bb global_colors_info=\u00a0\u00bb{}\u00a0\u00bb custom_padding__hover=\u00a0\u00bb|||\u00a0\u00bb][et_pb_row_inner admin_label=\u00a0\u00bbLigne\u00a0\u00bb _builder_version=\u00a0\u00bb3.25&Prime; global_colors_info=\u00a0\u00bb{}\u00a0\u00bb][et_pb_column_inner saved_specialty_column_type=\u00a0\u00bb3_4&Prime; _builder_version=\u00a0\u00bb3.25&Prime; custom_padding=\u00a0\u00bb|||\u00a0\u00bb global_colors_info=\u00a0\u00bb{}\u00a0\u00bb custom_padding__hover=\u00a0\u00bb|||\u00a0\u00bb][et_pb_text admin_label=\u00a0\u00bbTexte\u00a0\u00bb _builder_version=\u00a0\u00bb3.27.4&Prime; background_size=\u00a0\u00bbinitial\u00a0\u00bb background_position=\u00a0\u00bbtop_left\u00a0\u00bb background_repeat=\u00a0\u00bbrepeat\u00a0\u00bb use_border_color=\u00a0\u00bboff\u00a0\u00bb border_color=\u00a0\u00bb#ffffff\u00a0\u00bb border_style=\u00a0\u00bbsolid\u00a0\u00bb global_colors_info=\u00a0\u00bb{}\u00a0\u00bb]<\/p>\n<h1>La restauration commerciale (RC)<\/h1>\n<p style=\"text-align: justify;\">Nous disposons d\u2019une <strong>gamme compl\u00e8te<\/strong> <strong>de fruits et l\u00e9gumes<\/strong> pour r\u00e9pondre aux envies de vos convives. Nous privil\u00e9gions un maximum les <strong>producteurs locaux<\/strong> afin de vous faire profiter de la<strong> fra\u00eecheur<\/strong> des fruits et l\u00e9gumes de notre r\u00e9gion. Pour ce faire, nous avons d\u00e9velopp\u00e9 la <strong>d\u00e9marche Jardin d&rsquo;ICI<\/strong> qui vous permet de savoir chaque semaine, les produits disponibles en r\u00e9gion, et ainsi, adapter vos menus aux disponibilit\u00e9s.<\/p>\n<p style=\"text-align: justify;\">De plus, nous nous approvisionnons sur Rungis et aupr\u00e8s des meilleurs fournisseurs\u00a0pour tous les autres produits. Ainsi, nous pouvons <strong>r\u00e9pondre\u00a0\u00e0 toutes les demandes de produits sp\u00e9cifiques<\/strong>.<\/p>\n<p>[\/et_pb_text][\/et_pb_column_inner][\/et_pb_row_inner][et_pb_row_inner admin_label=\u00a0\u00bbLigne\u00a0\u00bb _builder_version=\u00a0\u00bb3.25&Prime; global_colors_info=\u00a0\u00bb{}\u00a0\u00bb column_structure=\u00a0\u00bb1_3,1_3,1_3&Prime;][et_pb_column_inner type=\u00a0\u00bb1_3&Prime; saved_specialty_column_type=\u00a0\u00bb3_4&Prime; _builder_version=\u00a0\u00bb3.25&Prime; custom_padding=\u00a0\u00bb|||\u00a0\u00bb global_colors_info=\u00a0\u00bb{}\u00a0\u00bb custom_padding__hover=\u00a0\u00bb|||\u00a0\u00bb][et_pb_blurb use_icon=\u00a0\u00bbon\u00a0\u00bb font_icon=\u00a0\u00bb%%305%%\u00a0\u00bb icon_color=\u00a0\u00bb#9ccb3b\u00a0\u00bb admin_label=\u00a0\u00bbR\u00e9sum\u00e9\u00a0\u00bb _builder_version=\u00a0\u00bb3.0.87&Prime; background_size=\u00a0\u00bbinitial\u00a0\u00bb background_position=\u00a0\u00bbtop_left\u00a0\u00bb background_repeat=\u00a0\u00bbrepeat\u00a0\u00bb animation=\u00a0\u00bboff\u00a0\u00bb use_border_color=\u00a0\u00bboff\u00a0\u00bb border_color=\u00a0\u00bb#ffffff\u00a0\u00bb border_style=\u00a0\u00bbsolid\u00a0\u00bb global_colors_info=\u00a0\u00bb{}\u00a0\u00bb]<\/p>\n<p style=\"text-align: center;\"><strong>Une \u00e9quipe \u00e0 votre \u00e9coute pour vous apporter un conseil personnalis\u00e9.<\/strong><\/p>\n<p>[\/et_pb_blurb][\/et_pb_column_inner][et_pb_column_inner type=\u00a0\u00bb1_3&Prime; saved_specialty_column_type=\u00a0\u00bb3_4&Prime; _builder_version=\u00a0\u00bb3.25&Prime; custom_padding=\u00a0\u00bb|||\u00a0\u00bb global_colors_info=\u00a0\u00bb{}\u00a0\u00bb custom_padding__hover=\u00a0\u00bb|||\u00a0\u00bb][et_pb_blurb url=\u00a0\u00bbhttp:\/\/www.jardindici.fr\u00a0\u00bb url_new_window=\u00a0\u00bbon\u00a0\u00bb use_icon=\u00a0\u00bbon\u00a0\u00bb font_icon=\u00a0\u00bb%%128%%\u00a0\u00bb icon_color=\u00a0\u00bb#9ccb3b\u00a0\u00bb admin_label=\u00a0\u00bbR\u00e9sum\u00e9\u00a0\u00bb _builder_version=\u00a0\u00bb3.0.87&Prime; background_size=\u00a0\u00bbinitial\u00a0\u00bb background_position=\u00a0\u00bbtop_left\u00a0\u00bb background_repeat=\u00a0\u00bbrepeat\u00a0\u00bb animation=\u00a0\u00bboff\u00a0\u00bb use_border_color=\u00a0\u00bboff\u00a0\u00bb border_color=\u00a0\u00bb#ffffff\u00a0\u00bb border_style=\u00a0\u00bbsolid\u00a0\u00bb global_colors_info=\u00a0\u00bb{}\u00a0\u00bb]<\/p>\n<p style=\"text-align: center;\"><strong>Des conseils sur la saisonnalit\u00e9 pour\u00a0valoriser\u00a0la production locale aupr\u00e8s de vos convives.<\/strong><\/p>\n<p>[\/et_pb_blurb][\/et_pb_column_inner][et_pb_column_inner type=\u00a0\u00bb1_3&Prime; saved_specialty_column_type=\u00a0\u00bb3_4&Prime; _builder_version=\u00a0\u00bb3.25&Prime; custom_padding=\u00a0\u00bb|||\u00a0\u00bb global_colors_info=\u00a0\u00bb{}\u00a0\u00bb custom_padding__hover=\u00a0\u00bb|||\u00a0\u00bb][et_pb_blurb use_icon=\u00a0\u00bbon\u00a0\u00bb font_icon=\u00a0\u00bb%%227%%\u00a0\u00bb icon_color=\u00a0\u00bb#9ccb3b\u00a0\u00bb admin_label=\u00a0\u00bbR\u00e9sum\u00e9\u00a0\u00bb _builder_version=\u00a0\u00bb3.0.87&Prime; background_size=\u00a0\u00bbinitial\u00a0\u00bb background_position=\u00a0\u00bbtop_left\u00a0\u00bb background_repeat=\u00a0\u00bbrepeat\u00a0\u00bb animation=\u00a0\u00bboff\u00a0\u00bb use_border_color=\u00a0\u00bboff\u00a0\u00bb border_color=\u00a0\u00bb#ffffff\u00a0\u00bb border_style=\u00a0\u00bbsolid\u00a0\u00bb global_colors_info=\u00a0\u00bb{}\u00a0\u00bb]<\/p>\n<p style=\"text-align: center;\"><strong>Une livraison 6 jours sur 7 en fonction de vos imp\u00e9ratifs horaires.<\/strong><\/p>\n<p>[\/et_pb_blurb][\/et_pb_column_inner][\/et_pb_row_inner][\/et_pb_column][et_pb_column type=\u00a0\u00bb1_4&Prime; _builder_version=\u00a0\u00bb3.25&Prime; custom_padding=\u00a0\u00bb|||\u00a0\u00bb global_colors_info=\u00a0\u00bb{}\u00a0\u00bb custom_padding__hover=\u00a0\u00bb|||\u00a0\u00bb][et_pb_text admin_label=\u00a0\u00bbTexte\u00a0\u00bb _builder_version=\u00a0\u00bb3.27.4&Prime; text_text_color=\u00a0\u00bb#ffffff\u00a0\u00bb background_color=\u00a0\u00bb#783092&Prime; background_size=\u00a0\u00bbinitial\u00a0\u00bb background_position=\u00a0\u00bbtop_left\u00a0\u00bb background_repeat=\u00a0\u00bbrepeat\u00a0\u00bb background_layout=\u00a0\u00bbdark\u00a0\u00bb custom_padding=\u00a0\u00bb10px|15px|10px|15px\u00a0\u00bb border_width_all=\u00a0\u00bb10px\u00a0\u00bb border_color_all=\u00a0\u00bb#783092&Prime; border_style_all=\u00a0\u00bbsolid\u00a0\u00bb use_border_color=\u00a0\u00bbon\u00a0\u00bb border_color=\u00a0\u00bb#783092&Prime; border_width=\u00a0\u00bb10px\u00a0\u00bb border_style=\u00a0\u00bbsolid\u00a0\u00bb global_colors_info=\u00a0\u00bb{}\u00a0\u00bb]<\/p>\n<div style=\"margin: 8px 0px 4px; text-align: center;\"><strong>D\u00e9couvrez la saisonnalit\u00e9\u00a0<\/strong><strong>des fruits et l\u00e9gumes :<\/strong><\/div>\n<div style=\"margin: 8px 0px 4px; text-align: center;\"><\/div>\n<div style=\"margin: 8px 0px 4px; text-align: center;\"><a href=\"http:\/\/www.calameo.com\/read\/0046139432044aefddf29\" target=\"_blank\" rel=\"noopener\"><img loading=\"lazy\" class=\"alignnone wp-image-684 size-medium\" src=\"http:\/\/www.mag-fruits.fr\/wp-content\/uploads\/2015\/11\/MAG-FRUITS-Menu-RC-janv-a-mars_2-300x213.jpg\" alt=\"\" width=\"300\" height=\"213\" srcset=\"http:\/\/www.mag-fruits.fr\/wp-content\/uploads\/2015\/11\/MAG-FRUITS-Menu-RC-janv-a-mars_2-300x213.jpg 300w, http:\/\/www.mag-fruits.fr\/wp-content\/uploads\/2015\/11\/MAG-FRUITS-Menu-RC-janv-a-mars_2-1024x728.jpg 1024w, http:\/\/www.mag-fruits.fr\/wp-content\/uploads\/2015\/11\/MAG-FRUITS-Menu-RC-janv-a-mars_2-400x284.jpg 400w, http:\/\/www.mag-fruits.fr\/wp-content\/uploads\/2015\/11\/MAG-FRUITS-Menu-RC-janv-a-mars_2-1080x768.jpg 1080w\" sizes=\"(max-width: 300px) 100vw, 300px\" \/><\/a><\/div>\n<div style=\"margin: 8px 0px 4px; text-align: center;\"><\/div>\n<div style=\"margin: 8px 0px 4px; text-align: center;\"><\/div>\n<div style=\"margin: 8px 0px 4px; text-align: center;\">\n<p style=\"text-align: left;\"><strong>Pour plus d\u2019informations, notre \u00e9quipe se tient\u00a0\u00e0 votre disposition au 02.38.22.75.75<\/strong>.<\/p>\n<p style=\"text-align: left;\"><strong>Vous pouvez \u00e9galement les contacter via le <span style=\"color: #ffffff;\"><a style=\"color: #ffffff;\" href=\"http:\/\/www.mag-fruits.fr\/index.php\/formulaire-de-contact-rc\/\">formulaire de contact<\/a><\/span>.<\/strong><\/p>\n<\/div>\n<div style=\"margin: 8px 0px 4px; text-align: left;\"><\/div>\n<p>[\/et_pb_text][\/et_pb_column][\/et_pb_section][et_pb_section fb_built=\u00a0\u00bb1&Prime; admin_label=\u00a0\u00bbSection\u00a0\u00bb _builder_version=\u00a0\u00bb3.22&Prime; global_colors_info=\u00a0\u00bb{}\u00a0\u00bb][et_pb_row admin_label=\u00a0\u00bbLigne\u00a0\u00bb _builder_version=\u00a0\u00bb3.25&Prime; background_size=\u00a0\u00bbinitial\u00a0\u00bb background_position=\u00a0\u00bbtop_left\u00a0\u00bb background_repeat=\u00a0\u00bbrepeat\u00a0\u00bb global_colors_info=\u00a0\u00bb{}\u00a0\u00bb][et_pb_column type=\u00a0\u00bb4_4&Prime; _builder_version=\u00a0\u00bb3.25&Prime; custom_padding=\u00a0\u00bb|||\u00a0\u00bb global_colors_info=\u00a0\u00bb{}\u00a0\u00bb custom_padding__hover=\u00a0\u00bb|||\u00a0\u00bb][et_pb_text admin_label=\u00a0\u00bbTexte\u00a0\u00bb _builder_version=\u00a0\u00bb4.11.4&Prime; background_size=\u00a0\u00bbinitial\u00a0\u00bb background_position=\u00a0\u00bbtop_left\u00a0\u00bb background_repeat=\u00a0\u00bbrepeat\u00a0\u00bb hover_enabled=\u00a0\u00bb0&Prime; use_border_color=\u00a0\u00bboff\u00a0\u00bb border_color=\u00a0\u00bb#ffffff\u00a0\u00bb border_style=\u00a0\u00bbsolid\u00a0\u00bb global_colors_info=\u00a0\u00bb{}\u00a0\u00bb sticky_enabled=\u00a0\u00bb0&Prime;]<\/p>\n<hr \/>\n<h4><\/h4>\n<p>[\/et_pb_text][\/et_pb_column][\/et_pb_row][\/et_pb_section][et_pb_section fb_built=\u00a0\u00bb1&Prime; fullwidth=\u00a0\u00bbon\u00a0\u00bb custom_padding_last_edited=\u00a0\u00bbon|desktop\u00a0\u00bb admin_label=\u00a0\u00bbSection\u00a0\u00bb _builder_version=\u00a0\u00bb3.22&Prime; background_image=\u00a0\u00bbhttp:\/\/www.mag-fruits.fr\/wp-content\/uploads\/2015\/12\/restauration-commerciale.jpg\u00a0\u00bb parallax=\u00a0\u00bbon\u00a0\u00bb parallax_method=\u00a0\u00bboff\u00a0\u00bb custom_padding_tablet=\u00a0\u00bb50px|0|50px|0&Prime; custom_css_main_element=\u00a0\u00bbheight:150px\u00a0\u00bb transparent_background=\u00a0\u00bboff\u00a0\u00bb padding_mobile=\u00a0\u00bboff\u00a0\u00bb make_fullwidth=\u00a0\u00bboff\u00a0\u00bb use_custom_width=\u00a0\u00bboff\u00a0\u00bb width_unit=\u00a0\u00bbon\u00a0\u00bb global_colors_info=\u00a0\u00bb{}\u00a0\u00bb custom_padding_phone=\u00a0\u00bb50px|0|50px|0&Prime;][\/et_pb_section]<\/p>\n","protected":false},"excerpt":{"rendered":"<p>La restauration commerciale (RC) Nous disposons d\u2019une gamme compl\u00e8te de fruits et l\u00e9gumes pour r\u00e9pondre aux envies de vos convives. Nous privil\u00e9gions un maximum les producteurs locaux afin de vous faire profiter de la fra\u00eecheur des fruits et l\u00e9gumes de notre r\u00e9gion. Pour ce faire, nous avons d\u00e9velopp\u00e9 la d\u00e9marche Jardin d&rsquo;ICI qui vous permet [&hellip;]<\/p>\n","protected":false},"author":1,"featured_media":0,"parent":0,"menu_order":0,"comment_status":"closed","ping_status":"closed","template":"","meta":{"_et_pb_use_builder":"on","_et_pb_old_content":"","_et_gb_content_width":""},"yoast_head":"<!-- This site is optimized with the Yoast SEO plugin v18.6 - https:\/\/yoast.com\/wordpress\/plugins\/seo\/ -->\n<title>Offre restauration commerciale | Mag-Fruits - Au c\u0153ur du frais<\/title>\n<meta name=\"description\" content=\"D\u00e9couvrez l&#039;offre de Mag-Fruits sp\u00e9cialiste de l&#039;approvisionnement de la restauration commerciale en fruits et l\u00e9gumes frais et \u00e9labor\u00e9s en R\u00e9gion Centre.\" \/>\n<meta name=\"robots\" content=\"index, follow, max-snippet:-1, max-image-preview:large, max-video-preview:-1\" \/>\n<link rel=\"canonical\" href=\"https:\/\/www.mag-fruits.fr\/index.php\/offre-restauration-commerciale\/\" \/>\n<meta property=\"og:locale\" content=\"fr_FR\" \/>\n<meta property=\"og:type\" content=\"article\" \/>\n<meta property=\"og:title\" content=\"Offre restauration commerciale | Mag-Fruits - Au c\u0153ur du frais\" \/>\n<meta property=\"og:description\" content=\"D\u00e9couvrez l&#039;offre de Mag-Fruits sp\u00e9cialiste de l&#039;approvisionnement de la restauration commerciale en fruits et l\u00e9gumes frais et \u00e9labor\u00e9s en R\u00e9gion Centre.\" \/>\n<meta property=\"og:url\" content=\"https:\/\/www.mag-fruits.fr\/index.php\/offre-restauration-commerciale\/\" \/>\n<meta property=\"og:site_name\" content=\"Mag-Fruits\" \/>\n<meta property=\"article:modified_time\" content=\"2022-04-27T15:04:14+00:00\" \/>\n<meta property=\"og:image\" content=\"http:\/\/www.mag-fruits.fr\/wp-content\/uploads\/2015\/11\/MAG-FRUITS-Menu-RC-janv-a-mars_2-300x213.jpg\" \/>\n<meta name=\"twitter:card\" content=\"summary\" \/>\n<meta name=\"twitter:label1\" content=\"Dur\u00e9e de lecture estim\u00e9e\" \/>\n\t<meta name=\"twitter:data1\" content=\"4 minutes\" \/>\n<script type=\"application\/ld+json\" class=\"yoast-schema-graph\">{\"@context\":\"https:\/\/schema.org\",\"@graph\":[{\"@type\":\"WebSite\",\"@id\":\"https:\/\/www.mag-fruits.fr\/#website\",\"url\":\"https:\/\/www.mag-fruits.fr\/\",\"name\":\"Mag-Fruits\",\"description\":\"Au coeur du frais\",\"potentialAction\":[{\"@type\":\"SearchAction\",\"target\":{\"@type\":\"EntryPoint\",\"urlTemplate\":\"https:\/\/www.mag-fruits.fr\/?s={search_term_string}\"},\"query-input\":\"required name=search_term_string\"}],\"inLanguage\":\"fr-FR\"},{\"@type\":\"ImageObject\",\"@id\":\"https:\/\/www.mag-fruits.fr\/index.php\/offre-restauration-commerciale\/#primaryimage\",\"inLanguage\":\"fr-FR\",\"url\":\"http:\/\/www.mag-fruits.fr\/wp-content\/uploads\/2015\/11\/MAG-FRUITS-Menu-RC-janv-a-mars_2.jpg\",\"contentUrl\":\"http:\/\/www.mag-fruits.fr\/wp-content\/uploads\/2015\/11\/MAG-FRUITS-Menu-RC-janv-a-mars_2.jpg\",\"width\":2513,\"height\":1786},{\"@type\":\"WebPage\",\"@id\":\"https:\/\/www.mag-fruits.fr\/index.php\/offre-restauration-commerciale\/#webpage\",\"url\":\"https:\/\/www.mag-fruits.fr\/index.php\/offre-restauration-commerciale\/\",\"name\":\"Offre restauration commerciale | Mag-Fruits - Au c\u0153ur du frais\",\"isPartOf\":{\"@id\":\"https:\/\/www.mag-fruits.fr\/#website\"},\"primaryImageOfPage\":{\"@id\":\"https:\/\/www.mag-fruits.fr\/index.php\/offre-restauration-commerciale\/#primaryimage\"},\"datePublished\":\"2015-11-24T09:23:21+00:00\",\"dateModified\":\"2022-04-27T15:04:14+00:00\",\"description\":\"D\u00e9couvrez l'offre de Mag-Fruits sp\u00e9cialiste de l'approvisionnement de la restauration commerciale en fruits et l\u00e9gumes frais et \u00e9labor\u00e9s en R\u00e9gion Centre.\",\"breadcrumb\":{\"@id\":\"https:\/\/www.mag-fruits.fr\/index.php\/offre-restauration-commerciale\/#breadcrumb\"},\"inLanguage\":\"fr-FR\",\"potentialAction\":[{\"@type\":\"ReadAction\",\"target\":[\"https:\/\/www.mag-fruits.fr\/index.php\/offre-restauration-commerciale\/\"]}]},{\"@type\":\"BreadcrumbList\",\"@id\":\"https:\/\/www.mag-fruits.fr\/index.php\/offre-restauration-commerciale\/#breadcrumb\",\"itemListElement\":[{\"@type\":\"ListItem\",\"position\":1,\"name\":\"Accueil\",\"item\":\"https:\/\/www.mag-fruits.fr\/\"},{\"@type\":\"ListItem\",\"position\":2,\"name\":\"Offre Restauration commerciale\"}]}]}<\/script>\n<!-- \/ Yoast SEO plugin. -->","yoast_head_json":{"title":"Offre restauration commerciale | Mag-Fruits - Au c\u0153ur du frais","description":"D\u00e9couvrez l'offre de Mag-Fruits sp\u00e9cialiste de l'approvisionnement de la restauration commerciale en fruits et l\u00e9gumes frais et \u00e9labor\u00e9s en R\u00e9gion Centre.","robots":{"index":"index","follow":"follow","max-snippet":"max-snippet:-1","max-image-preview":"max-image-preview:large","max-video-preview":"max-video-preview:-1"},"canonical":"https:\/\/www.mag-fruits.fr\/index.php\/offre-restauration-commerciale\/","og_locale":"fr_FR","og_type":"article","og_title":"Offre restauration commerciale | Mag-Fruits - Au c\u0153ur du frais","og_description":"D\u00e9couvrez l'offre de Mag-Fruits sp\u00e9cialiste de l'approvisionnement de la restauration commerciale en fruits et l\u00e9gumes frais et \u00e9labor\u00e9s en R\u00e9gion Centre.","og_url":"https:\/\/www.mag-fruits.fr\/index.php\/offre-restauration-commerciale\/","og_site_name":"Mag-Fruits","article_modified_time":"2022-04-27T15:04:14+00:00","og_image":[{"url":"http:\/\/www.mag-fruits.fr\/wp-content\/uploads\/2015\/11\/MAG-FRUITS-Menu-RC-janv-a-mars_2-300x213.jpg"}],"twitter_card":"summary","twitter_misc":{"Dur\u00e9e de lecture estim\u00e9e":"4 minutes"},"schema":{"@context":"https:\/\/schema.org","@graph":[{"@type":"WebSite","@id":"https:\/\/www.mag-fruits.fr\/#website","url":"https:\/\/www.mag-fruits.fr\/","name":"Mag-Fruits","description":"Au coeur du frais","potentialAction":[{"@type":"SearchAction","target":{"@type":"EntryPoint","urlTemplate":"https:\/\/www.mag-fruits.fr\/?s={search_term_string}"},"query-input":"required name=search_term_string"}],"inLanguage":"fr-FR"},{"@type":"ImageObject","@id":"https:\/\/www.mag-fruits.fr\/index.php\/offre-restauration-commerciale\/#primaryimage","inLanguage":"fr-FR","url":"http:\/\/www.mag-fruits.fr\/wp-content\/uploads\/2015\/11\/MAG-FRUITS-Menu-RC-janv-a-mars_2.jpg","contentUrl":"http:\/\/www.mag-fruits.fr\/wp-content\/uploads\/2015\/11\/MAG-FRUITS-Menu-RC-janv-a-mars_2.jpg","width":2513,"height":1786},{"@type":"WebPage","@id":"https:\/\/www.mag-fruits.fr\/index.php\/offre-restauration-commerciale\/#webpage","url":"https:\/\/www.mag-fruits.fr\/index.php\/offre-restauration-commerciale\/","name":"Offre restauration commerciale | Mag-Fruits - Au c\u0153ur du frais","isPartOf":{"@id":"https:\/\/www.mag-fruits.fr\/#website"},"primaryImageOfPage":{"@id":"https:\/\/www.mag-fruits.fr\/index.php\/offre-restauration-commerciale\/#primaryimage"},"datePublished":"2015-11-24T09:23:21+00:00","dateModified":"2022-04-27T15:04:14+00:00","description":"D\u00e9couvrez l'offre de Mag-Fruits sp\u00e9cialiste de l'approvisionnement de la restauration commerciale en fruits et l\u00e9gumes frais et \u00e9labor\u00e9s en R\u00e9gion Centre.","breadcrumb":{"@id":"https:\/\/www.mag-fruits.fr\/index.php\/offre-restauration-commerciale\/#breadcrumb"},"inLanguage":"fr-FR","potentialAction":[{"@type":"ReadAction","target":["https:\/\/www.mag-fruits.fr\/index.php\/offre-restauration-commerciale\/"]}]},{"@type":"BreadcrumbList","@id":"https:\/\/www.mag-fruits.fr\/index.php\/offre-restauration-commerciale\/#breadcrumb","itemListElement":[{"@type":"ListItem","position":1,"name":"Accueil","item":"https:\/\/www.mag-fruits.fr\/"},{"@type":"ListItem","position":2,"name":"Offre Restauration commerciale"}]}]}},"_links":{"self":[{"href":"http:\/\/www.mag-fruits.fr\/index.php\/wp-json\/wp\/v2\/pages\/101"}],"collection":[{"href":"http:\/\/www.mag-fruits.fr\/index.php\/wp-json\/wp\/v2\/pages"}],"about":[{"href":"http:\/\/www.mag-fruits.fr\/index.php\/wp-json\/wp\/v2\/types\/page"}],"author":[{"embeddable":true,"href":"http:\/\/www.mag-fruits.fr\/index.php\/wp-json\/wp\/v2\/users\/1"}],"replies":[{"embeddable":true,"href":"http:\/\/www.mag-fruits.fr\/index.php\/wp-json\/wp\/v2\/comments?post=101"}],"version-history":[{"count":77,"href":"http:\/\/www.mag-fruits.fr\/index.php\/wp-json\/wp\/v2\/pages\/101\/revisions"}],"predecessor-version":[{"id":1225,"href":"http:\/\/www.mag-fruits.fr\/index.php\/wp-json\/wp\/v2\/pages\/101\/revisions\/1225"}],"wp:attachment":[{"href":"http:\/\/www.mag-fruits.fr\/index.php\/wp-json\/wp\/v2\/media?parent=101"}],"curies":[{"name":"wp","href":"https:\/\/api.w.org\/{rel}","templated":true}]}}