{"id":105,"date":"2015-11-24T10:24:00","date_gmt":"2015-11-24T09:24:00","guid":{"rendered":"http:\/\/www.mag-fruits.fr\/?page_id=105"},"modified":"2020-01-22T08:39:17","modified_gmt":"2020-01-22T07:39:17","slug":"approvisionnement-durable","status":"publish","type":"page","link":"https:\/\/www.mag-fruits.fr\/index.php\/approvisionnement-durable\/","title":{"rendered":"Engagements &#8211; approvisionnements"},"content":{"rendered":"<p>[et_pb_section admin_label=\u00a0\u00bbSection\u00a0\u00bb fullwidth=\u00a0\u00bbon\u00a0\u00bb specialty=\u00a0\u00bboff\u00a0\u00bb background_image=\u00a0\u00bbhttp:\/\/www.mag-fruits.fr\/wp-content\/uploads\/2015\/11\/champs51.jpg\u00a0\u00bb transparent_background=\u00a0\u00bboff\u00a0\u00bb allow_player_pause=\u00a0\u00bboff\u00a0\u00bb inner_shadow=\u00a0\u00bbon\u00a0\u00bb parallax=\u00a0\u00bbon\u00a0\u00bb parallax_method=\u00a0\u00bboff\u00a0\u00bb padding_mobile=\u00a0\u00bboff\u00a0\u00bb make_fullwidth=\u00a0\u00bboff\u00a0\u00bb use_custom_width=\u00a0\u00bboff\u00a0\u00bb width_unit=\u00a0\u00bbon\u00a0\u00bb make_equal=\u00a0\u00bboff\u00a0\u00bb use_custom_gutter=\u00a0\u00bboff\u00a0\u00bb custom_css_main_element=\u00a0\u00bbheight:130px\u00a0\u00bb][\/et_pb_section][et_pb_section admin_label=\u00a0\u00bbSection\u00a0\u00bb fullwidth=\u00a0\u00bboff\u00a0\u00bb specialty=\u00a0\u00bbon\u00a0\u00bb][et_pb_column type=\u00a0\u00bb3_4&Prime; specialty_columns=\u00a0\u00bb3&Prime;][et_pb_row_inner admin_label=\u00a0\u00bbLigne\u00a0\u00bb][et_pb_column_inner type=\u00a0\u00bb4_4&Prime; saved_specialty_column_type=\u00a0\u00bb3_4&Prime;][et_pb_text admin_label=\u00a0\u00bbTexte\u00a0\u00bb background_layout=\u00a0\u00bblight\u00a0\u00bb text_orientation=\u00a0\u00bbleft\u00a0\u00bb use_border_color=\u00a0\u00bboff\u00a0\u00bb border_color=\u00a0\u00bb#ffffff\u00a0\u00bb border_style=\u00a0\u00bbsolid\u00a0\u00bb]<\/p>\n<h1>Notre engagement d&rsquo;approvisionnement durable<\/h1>\n<p style=\"text-align: justify;\">Fortement engag\u00e9s dans une d\u00e9marche d&rsquo;approvisionnement locale, nous d\u00e9veloppons chaque jour notre partenariat avec les producteurs de la R\u00e9gion Centre. Ainsi,\u00a0nous travaillons en partenariat avec plus de <strong>60\u00a0producteurs de proximit\u00e9<\/strong>. Cela nous permet de vous proposer une <strong>large gamme <\/strong>de fruits et l\u00e9gumes de la R\u00e9gion Centre tout au long de l\u2019ann\u00e9e. Cette d\u00e9marche respecte la <strong>saisonnalit\u00e9<\/strong> du produit et <strong>garantie<\/strong> ainsi sa fra\u00eecheur.<\/p>\n<p style=\"text-align: justify;\">En parall\u00e8le, nous travaillons \u00e9galement avec des acteurs nationaux\/import afin d&rsquo;assurer la disponibilit\u00e9 des produits non pr\u00e9sents en r\u00e9gion.<\/p>\n<h2 style=\"text-align: center;\"><\/h2>\n<h2 style=\"text-align: center;\"><\/h2>\n<h2 style=\"text-align: left;\">Notre d\u00e9marche locale : <a href=\"http:\/\/www.jardindici.fr\" target=\"_blank\" rel=\"noopener\">JARDIN D&rsquo;ICI<\/a><\/h2>\n<p style=\"text-align: justify;\">Nous proposons une gamme de fruits et l\u00e9gumes frais de saison cultiv\u00e9s chez nous par des producteurs passionn\u00e9s, soigneusement <strong>s\u00e9lectionn\u00e9s<\/strong> pour leur <strong>savoir-faire<\/strong>. Mag-Fruits est ainsi engag\u00e9e dans une d\u00e9marche responsable et durable au c\u0153ur de la fili\u00e8re, pour soutenir <strong>l\u2019agriculture de proximit\u00e9<\/strong> et promouvoir le <strong>go\u00fbt<\/strong>, le <strong>local<\/strong> ainsi que le <strong>respect des saisons<\/strong>. Notre adh\u00e9sion \u00e0 la d\u00e9marche <a href=\"http:\/\/www.jardindici.fr\" target=\"_blank\" rel=\"noopener\">Jardin d\u2019ICI<\/a> impuls\u00e9e par le groupe <a href=\"http:\/\/www.creno.fr\" target=\"_blank\" rel=\"noopener\">CRENO<\/a> refl\u00e8te cet engagement.<\/p>\n<p>[\/et_pb_text][\/et_pb_column_inner][\/et_pb_row_inner][et_pb_row_inner admin_label=\u00a0\u00bbLigne\u00a0\u00bb][et_pb_column_inner type=\u00a0\u00bb1_3&Prime; saved_specialty_column_type=\u00a0\u00bb3_4&Prime;][et_pb_circle_counter admin_label=\u00a0\u00bbCompteur cercle\u00a0\u00bb title=\u00a0\u00bbAchats en production fran\u00e7aise\u00a0\u00bb number=\u00a0\u00bb70&Prime; percent_sign=\u00a0\u00bbon\u00a0\u00bb background_layout=\u00a0\u00bblight\u00a0\u00bb bar_bg_color=\u00a0\u00bb#783092&Prime; title_line_height=\u00a0\u00bb1.7em\u00a0\u00bb] [\/et_pb_circle_counter][\/et_pb_column_inner][et_pb_column_inner type=\u00a0\u00bb1_3&Prime; saved_specialty_column_type=\u00a0\u00bb3_4&Prime;][et_pb_circle_counter admin_label=\u00a0\u00bbCompteur cercle\u00a0\u00bb title=\u00a0\u00bbAchats en production locale sur l&rsquo;ann\u00e9e\u00a0\u00bb number=\u00a0\u00bb40&Prime; percent_sign=\u00a0\u00bbon\u00a0\u00bb background_layout=\u00a0\u00bblight\u00a0\u00bb bar_bg_color=\u00a0\u00bb#fdb714&Prime; title_line_height=\u00a0\u00bb1.7em\u00a0\u00bb] [\/et_pb_circle_counter][\/et_pb_column_inner][et_pb_column_inner type=\u00a0\u00bb1_3&Prime; saved_specialty_column_type=\u00a0\u00bb3_4&Prime;][et_pb_circle_counter admin_label=\u00a0\u00bbCompteur cercle\u00a0\u00bb title=\u00a0\u00bbAchats en production locale en pleine saison\u00a0\u00bb number=\u00a0\u00bb85&Prime; percent_sign=\u00a0\u00bbon\u00a0\u00bb background_layout=\u00a0\u00bblight\u00a0\u00bb bar_bg_color=\u00a0\u00bb#9ccb3b\u00a0\u00bb title_line_height=\u00a0\u00bb1.7em\u00a0\u00bb] [\/et_pb_circle_counter][\/et_pb_column_inner][\/et_pb_row_inner][et_pb_row_inner admin_label=\u00a0\u00bbLigne\u00a0\u00bb][et_pb_column_inner type=\u00a0\u00bb4_4&Prime; saved_specialty_column_type=\u00a0\u00bb3_4&Prime;][et_pb_text admin_label=\u00a0\u00bbTexte\u00a0\u00bb background_layout=\u00a0\u00bblight\u00a0\u00bb text_orientation=\u00a0\u00bbleft\u00a0\u00bb use_border_color=\u00a0\u00bboff\u00a0\u00bb border_color=\u00a0\u00bb#ffffff\u00a0\u00bb border_style=\u00a0\u00bbsolid\u00a0\u00bb]<\/p>\n<p><b><\/b>Nous voulons partager avec vous nos <strong>engagements durables<\/strong>. Nos ramasses quotidiennes et notre partenariat aupr\u00e8s des producteurs nous permettent de travailler en <strong>flux tendu<\/strong> et de vous assurer une <strong>qualit\u00e9 <\/strong>et une <strong>fra\u00eecheur<\/strong> lors de nos livraisons.<\/p>\n<p>[\/et_pb_text][\/et_pb_column_inner][\/et_pb_row_inner][\/et_pb_column][et_pb_column type=\u00a0\u00bb1_4&Prime;][et_pb_image admin_label=\u00a0\u00bbImage\u00a0\u00bb src=\u00a0\u00bbhttp:\/\/www.mag-fruits.fr\/wp-content\/uploads\/2015\/11\/AFFICHE_FRAICHEUR_GARANTIE_2015.jpg\u00a0\u00bb show_in_lightbox=\u00a0\u00bbon\u00a0\u00bb url_new_window=\u00a0\u00bboff\u00a0\u00bb animation=\u00a0\u00bboff\u00a0\u00bb sticky=\u00a0\u00bboff\u00a0\u00bb align=\u00a0\u00bbleft\u00a0\u00bb force_fullwidth=\u00a0\u00bboff\u00a0\u00bb always_center_on_mobile=\u00a0\u00bbon\u00a0\u00bb use_border_color=\u00a0\u00bboff\u00a0\u00bb border_color=\u00a0\u00bb#ffffff\u00a0\u00bb border_style=\u00a0\u00bbsolid\u00a0\u00bb] [\/et_pb_image][et_pb_divider admin_label=\u00a0\u00bbS\u00e9parateur\u00a0\u00bb color=\u00a0\u00bb#ffffff\u00a0\u00bb show_divider=\u00a0\u00bboff\u00a0\u00bb divider_style=\u00a0\u00bbsolid\u00a0\u00bb divider_position=\u00a0\u00bbtop\u00a0\u00bb hide_on_mobile=\u00a0\u00bbon\u00a0\u00bb height=\u00a0\u00bb5&Prime;] [\/et_pb_divider][et_pb_testimonial admin_label=\u00a0\u00bbT\u00e9moignage\u00a0\u00bb author=\u00a0\u00bbBruno Gauthier\u00a0\u00bb job_title=\u00a0\u00bbProducteur partenaire Jardin d&rsquo;ICI\u00a0\u00bb url_new_window=\u00a0\u00bboff\u00a0\u00bb portrait_url=\u00a0\u00bbhttp:\/\/www.mag-fruits.fr\/wp-content\/uploads\/2015\/11\/Boissay-pommes-locales.jpg\u00a0\u00bb quote_icon=\u00a0\u00bbon\u00a0\u00bb use_background_color=\u00a0\u00bbon\u00a0\u00bb background_color=\u00a0\u00bb#f5f5f5&Prime; background_layout=\u00a0\u00bblight\u00a0\u00bb text_orientation=\u00a0\u00bbleft\u00a0\u00bb portrait_border_radius=\u00a0\u00bb100&Prime; portrait_width=\u00a0\u00bb145&Prime; portrait_height=\u00a0\u00bb145&Prime; use_border_color=\u00a0\u00bboff\u00a0\u00bb border_color=\u00a0\u00bb#ffffff\u00a0\u00bb border_style=\u00a0\u00bbsolid\u00a0\u00bb]<\/p>\n<p>&nbsp;<\/p>\n<p><em>\u00ab\u00a0Soigner mes arbres dans le respect des \u00e9quilibres naturels, des saisons et du terroir, laisser la nature nous faire du bien en savourant ses bienfaits.\u00a0\u00bb<\/em><\/p>\n<p>[\/et_pb_testimonial][\/et_pb_column][\/et_pb_section][et_pb_section admin_label=\u00a0\u00bbSection\u00a0\u00bb fullwidth=\u00a0\u00bbon\u00a0\u00bb specialty=\u00a0\u00bboff\u00a0\u00bb background_image=\u00a0\u00bbhttp:\/\/www.mag-fruits.fr\/wp-content\/uploads\/2015\/11\/champs51.jpg\u00a0\u00bb transparent_background=\u00a0\u00bboff\u00a0\u00bb allow_player_pause=\u00a0\u00bboff\u00a0\u00bb inner_shadow=\u00a0\u00bbon\u00a0\u00bb parallax=\u00a0\u00bbon\u00a0\u00bb parallax_method=\u00a0\u00bboff\u00a0\u00bb padding_mobile=\u00a0\u00bboff\u00a0\u00bb make_fullwidth=\u00a0\u00bboff\u00a0\u00bb use_custom_width=\u00a0\u00bboff\u00a0\u00bb width_unit=\u00a0\u00bbon\u00a0\u00bb make_equal=\u00a0\u00bboff\u00a0\u00bb use_custom_gutter=\u00a0\u00bboff\u00a0\u00bb custom_css_main_element=\u00a0\u00bbheight:130px\u00a0\u00bb][\/et_pb_section][et_pb_section admin_label=\u00a0\u00bbSection\u00a0\u00bb fullwidth=\u00a0\u00bboff\u00a0\u00bb specialty=\u00a0\u00bboff\u00a0\u00bb transparent_background=\u00a0\u00bboff\u00a0\u00bb allow_player_pause=\u00a0\u00bboff\u00a0\u00bb inner_shadow=\u00a0\u00bboff\u00a0\u00bb parallax=\u00a0\u00bboff\u00a0\u00bb parallax_method=\u00a0\u00bboff\u00a0\u00bb padding_mobile=\u00a0\u00bboff\u00a0\u00bb make_fullwidth=\u00a0\u00bboff\u00a0\u00bb use_custom_width=\u00a0\u00bboff\u00a0\u00bb width_unit=\u00a0\u00bbon\u00a0\u00bb make_equal=\u00a0\u00bboff\u00a0\u00bb use_custom_gutter=\u00a0\u00bboff\u00a0\u00bb][et_pb_row admin_label=\u00a0\u00bbLigne\u00a0\u00bb][et_pb_column type=\u00a0\u00bb1_4&Prime;][et_pb_image admin_label=\u00a0\u00bbImage\u00a0\u00bb src=\u00a0\u00bbhttp:\/\/www.mag-fruits.fr\/wp-content\/uploads\/2015\/11\/logo-JI-haute-def.png\u00a0\u00bb show_in_lightbox=\u00a0\u00bboff\u00a0\u00bb url_new_window=\u00a0\u00bbon\u00a0\u00bb animation=\u00a0\u00bboff\u00a0\u00bb sticky=\u00a0\u00bboff\u00a0\u00bb align=\u00a0\u00bbleft\u00a0\u00bb force_fullwidth=\u00a0\u00bboff\u00a0\u00bb always_center_on_mobile=\u00a0\u00bbon\u00a0\u00bb use_border_color=\u00a0\u00bboff\u00a0\u00bb border_color=\u00a0\u00bb#ffffff\u00a0\u00bb border_style=\u00a0\u00bbsolid\u00a0\u00bb max_width=\u00a0\u00bb100px\u00a0\u00bb alt=\u00a0\u00bbJardin d&rsquo;ICI, vivons local !\u00a0\u00bb title_text=\u00a0\u00bbJardin d&rsquo;ICI, vivons local !\u00a0\u00bb url=\u00a0\u00bbhttp:\/\/www.jardindici.fr\u00a0\u00bb module_id=\u00a0\u00bbjardindici\u00a0\u00bb module_class=\u00a0\u00bbjardindici\u00a0\u00bb] [\/et_pb_image][\/et_pb_column][et_pb_column type=\u00a0\u00bb1_4&Prime;][et_pb_image admin_label=\u00a0\u00bbImage\u00a0\u00bb src=\u00a0\u00bbhttp:\/\/www.mag-fruits.fr\/wp-content\/uploads\/2015\/11\/AB.png\u00a0\u00bb show_in_lightbox=\u00a0\u00bboff\u00a0\u00bb url_new_window=\u00a0\u00bbon\u00a0\u00bb animation=\u00a0\u00bboff\u00a0\u00bb sticky=\u00a0\u00bboff\u00a0\u00bb align=\u00a0\u00bbleft\u00a0\u00bb force_fullwidth=\u00a0\u00bboff\u00a0\u00bb always_center_on_mobile=\u00a0\u00bbon\u00a0\u00bb use_border_color=\u00a0\u00bboff\u00a0\u00bb border_color=\u00a0\u00bb#ffffff\u00a0\u00bb border_style=\u00a0\u00bbsolid\u00a0\u00bb max_width=\u00a0\u00bb100px\u00a0\u00bb alt=\u00a0\u00bbAgriculture biologique\u00a0\u00bb title_text=\u00a0\u00bbAgriculture biologique\u00a0\u00bb url=\u00a0\u00bbwww.agencebio.org\/\u00a0\u00bb] [\/et_pb_image][\/et_pb_column][et_pb_column type=\u00a0\u00bb1_4&Prime;][et_pb_image admin_label=\u00a0\u00bbImage\u00a0\u00bb src=\u00a0\u00bbhttp:\/\/www.mag-fruits.fr\/wp-content\/uploads\/2015\/11\/BIO-EUROPE.png\u00a0\u00bb show_in_lightbox=\u00a0\u00bboff\u00a0\u00bb url_new_window=\u00a0\u00bboff\u00a0\u00bb animation=\u00a0\u00bboff\u00a0\u00bb sticky=\u00a0\u00bboff\u00a0\u00bb align=\u00a0\u00bbleft\u00a0\u00bb force_fullwidth=\u00a0\u00bboff\u00a0\u00bb always_center_on_mobile=\u00a0\u00bbon\u00a0\u00bb use_border_color=\u00a0\u00bboff\u00a0\u00bb border_color=\u00a0\u00bb#ffffff\u00a0\u00bb border_style=\u00a0\u00bbsolid\u00a0\u00bb max_width=\u00a0\u00bb100px\u00a0\u00bb alt=\u00a0\u00bblogo europ\u00e9en agriculture biologique\u00a0\u00bb title_text=\u00a0\u00bblogo europ\u00e9en agriculture biologique\u00a0\u00bb url=\u00a0\u00bbhttp:\/\/www.agencebio.org\/\u00a0\u00bb] [\/et_pb_image][\/et_pb_column][et_pb_column type=\u00a0\u00bb1_4&Prime;][et_pb_image admin_label=\u00a0\u00bbImage\u00a0\u00bb src=\u00a0\u00bbhttp:\/\/www.mag-fruits.fr\/wp-content\/uploads\/2015\/11\/AFAQ.png\u00a0\u00bb show_in_lightbox=\u00a0\u00bboff\u00a0\u00bb url_new_window=\u00a0\u00bboff\u00a0\u00bb animation=\u00a0\u00bboff\u00a0\u00bb sticky=\u00a0\u00bboff\u00a0\u00bb align=\u00a0\u00bbleft\u00a0\u00bb force_fullwidth=\u00a0\u00bboff\u00a0\u00bb always_center_on_mobile=\u00a0\u00bbon\u00a0\u00bb use_border_color=\u00a0\u00bboff\u00a0\u00bb border_color=\u00a0\u00bb#ffffff\u00a0\u00bb border_style=\u00a0\u00bbsolid\u00a0\u00bb max_width=\u00a0\u00bb100px\u00a0\u00bb alt=\u00a0\u00bbAFAQ ISO 9001&Prime; title_text=\u00a0\u00bbAFAQ ISO 9001&Prime; url=\u00a0\u00bbhttp:\/\/www.afnor.org\/\u00a0\u00bb] [\/et_pb_image][\/et_pb_column][\/et_pb_row][\/et_pb_section][et_pb_section admin_label=\u00a0\u00bbSection\u00a0\u00bb fullwidth=\u00a0\u00bbon\u00a0\u00bb specialty=\u00a0\u00bboff\u00a0\u00bb background_image=\u00a0\u00bbhttp:\/\/www.mag-fruits.fr\/wp-content\/uploads\/2015\/11\/champs51.jpg\u00a0\u00bb transparent_background=\u00a0\u00bboff\u00a0\u00bb allow_player_pause=\u00a0\u00bboff\u00a0\u00bb inner_shadow=\u00a0\u00bbon\u00a0\u00bb parallax=\u00a0\u00bbon\u00a0\u00bb parallax_method=\u00a0\u00bboff\u00a0\u00bb padding_mobile=\u00a0\u00bboff\u00a0\u00bb make_fullwidth=\u00a0\u00bboff\u00a0\u00bb use_custom_width=\u00a0\u00bboff\u00a0\u00bb width_unit=\u00a0\u00bbon\u00a0\u00bb make_equal=\u00a0\u00bboff\u00a0\u00bb use_custom_gutter=\u00a0\u00bboff\u00a0\u00bb custom_css_main_element=\u00a0\u00bbheight:130px\u00a0\u00bb][\/et_pb_section]<\/p>\n","protected":false},"excerpt":{"rendered":"<p>Notre engagement d&rsquo;approvisionnement durable Fortement engag\u00e9s dans une d\u00e9marche d&rsquo;approvisionnement locale, nous d\u00e9veloppons chaque jour notre partenariat avec les producteurs de la R\u00e9gion Centre. Ainsi,\u00a0nous travaillons en partenariat avec plus de 60\u00a0producteurs de proximit\u00e9. Cela nous permet de vous proposer une large gamme de fruits et l\u00e9gumes de la R\u00e9gion Centre tout au long de [&hellip;]<\/p>\n","protected":false},"author":1,"featured_media":0,"parent":0,"menu_order":0,"comment_status":"closed","ping_status":"closed","template":"","meta":{"_et_pb_use_builder":"on","_et_pb_old_content":"","_et_gb_content_width":""},"yoast_head":"<!-- This site is optimized with the Yoast SEO plugin v18.6 - https:\/\/yoast.com\/wordpress\/plugins\/seo\/ -->\n<title>Approvisionnement durable | Mag-Fruits - Au c\u0153ur du frais<\/title>\n<meta name=\"description\" content=\"D\u00e9couvrez notre d\u00e9marche d&#039;approvisionnement durable, des producteurs rigoureusement s\u00e9lectionn\u00e9s pr\u00e8s de chez vous pour des fruits et l\u00e9gumes locaux.\" \/>\n<meta name=\"robots\" content=\"index, follow, max-snippet:-1, max-image-preview:large, max-video-preview:-1\" \/>\n<link rel=\"canonical\" href=\"https:\/\/www.mag-fruits.fr\/index.php\/approvisionnement-durable\/\" \/>\n<meta property=\"og:locale\" content=\"fr_FR\" \/>\n<meta property=\"og:type\" content=\"article\" \/>\n<meta property=\"og:title\" content=\"Approvisionnement durable | Mag-Fruits - Au c\u0153ur du frais\" \/>\n<meta property=\"og:description\" content=\"D\u00e9couvrez notre d\u00e9marche d&#039;approvisionnement durable, des producteurs rigoureusement s\u00e9lectionn\u00e9s pr\u00e8s de chez vous pour des fruits et l\u00e9gumes locaux.\" \/>\n<meta property=\"og:url\" content=\"https:\/\/www.mag-fruits.fr\/index.php\/approvisionnement-durable\/\" \/>\n<meta property=\"og:site_name\" content=\"Mag-Fruits\" \/>\n<meta property=\"article:modified_time\" content=\"2020-01-22T07:39:17+00:00\" \/>\n<meta name=\"twitter:card\" content=\"summary\" \/>\n<meta name=\"twitter:label1\" content=\"Dur\u00e9e de lecture estim\u00e9e\" \/>\n\t<meta name=\"twitter:data1\" content=\"6 minutes\" \/>\n<script type=\"application\/ld+json\" class=\"yoast-schema-graph\">{\"@context\":\"https:\/\/schema.org\",\"@graph\":[{\"@type\":\"WebSite\",\"@id\":\"https:\/\/www.mag-fruits.fr\/#website\",\"url\":\"https:\/\/www.mag-fruits.fr\/\",\"name\":\"Mag-Fruits\",\"description\":\"Au coeur du frais\",\"potentialAction\":[{\"@type\":\"SearchAction\",\"target\":{\"@type\":\"EntryPoint\",\"urlTemplate\":\"https:\/\/www.mag-fruits.fr\/?s={search_term_string}\"},\"query-input\":\"required name=search_term_string\"}],\"inLanguage\":\"fr-FR\"},{\"@type\":\"WebPage\",\"@id\":\"https:\/\/www.mag-fruits.fr\/index.php\/approvisionnement-durable\/#webpage\",\"url\":\"https:\/\/www.mag-fruits.fr\/index.php\/approvisionnement-durable\/\",\"name\":\"Approvisionnement durable | Mag-Fruits - Au c\u0153ur du frais\",\"isPartOf\":{\"@id\":\"https:\/\/www.mag-fruits.fr\/#website\"},\"datePublished\":\"2015-11-24T09:24:00+00:00\",\"dateModified\":\"2020-01-22T07:39:17+00:00\",\"description\":\"D\u00e9couvrez notre d\u00e9marche d'approvisionnement durable, des producteurs rigoureusement s\u00e9lectionn\u00e9s pr\u00e8s de chez vous pour des fruits et l\u00e9gumes locaux.\",\"breadcrumb\":{\"@id\":\"https:\/\/www.mag-fruits.fr\/index.php\/approvisionnement-durable\/#breadcrumb\"},\"inLanguage\":\"fr-FR\",\"potentialAction\":[{\"@type\":\"ReadAction\",\"target\":[\"https:\/\/www.mag-fruits.fr\/index.php\/approvisionnement-durable\/\"]}]},{\"@type\":\"BreadcrumbList\",\"@id\":\"https:\/\/www.mag-fruits.fr\/index.php\/approvisionnement-durable\/#breadcrumb\",\"itemListElement\":[{\"@type\":\"ListItem\",\"position\":1,\"name\":\"Accueil\",\"item\":\"https:\/\/www.mag-fruits.fr\/\"},{\"@type\":\"ListItem\",\"position\":2,\"name\":\"Engagements &#8211; approvisionnements\"}]}]}<\/script>\n<!-- \/ Yoast SEO plugin. -->","yoast_head_json":{"title":"Approvisionnement durable | Mag-Fruits - Au c\u0153ur du frais","description":"D\u00e9couvrez notre d\u00e9marche d'approvisionnement durable, des producteurs rigoureusement s\u00e9lectionn\u00e9s pr\u00e8s de chez vous pour des fruits et l\u00e9gumes locaux.","robots":{"index":"index","follow":"follow","max-snippet":"max-snippet:-1","max-image-preview":"max-image-preview:large","max-video-preview":"max-video-preview:-1"},"canonical":"https:\/\/www.mag-fruits.fr\/index.php\/approvisionnement-durable\/","og_locale":"fr_FR","og_type":"article","og_title":"Approvisionnement durable | Mag-Fruits - Au c\u0153ur du frais","og_description":"D\u00e9couvrez notre d\u00e9marche d'approvisionnement durable, des producteurs rigoureusement s\u00e9lectionn\u00e9s pr\u00e8s de chez vous pour des fruits et l\u00e9gumes locaux.","og_url":"https:\/\/www.mag-fruits.fr\/index.php\/approvisionnement-durable\/","og_site_name":"Mag-Fruits","article_modified_time":"2020-01-22T07:39:17+00:00","twitter_card":"summary","twitter_misc":{"Dur\u00e9e de lecture estim\u00e9e":"6 minutes"},"schema":{"@context":"https:\/\/schema.org","@graph":[{"@type":"WebSite","@id":"https:\/\/www.mag-fruits.fr\/#website","url":"https:\/\/www.mag-fruits.fr\/","name":"Mag-Fruits","description":"Au coeur du frais","potentialAction":[{"@type":"SearchAction","target":{"@type":"EntryPoint","urlTemplate":"https:\/\/www.mag-fruits.fr\/?s={search_term_string}"},"query-input":"required name=search_term_string"}],"inLanguage":"fr-FR"},{"@type":"WebPage","@id":"https:\/\/www.mag-fruits.fr\/index.php\/approvisionnement-durable\/#webpage","url":"https:\/\/www.mag-fruits.fr\/index.php\/approvisionnement-durable\/","name":"Approvisionnement durable | Mag-Fruits - Au c\u0153ur du frais","isPartOf":{"@id":"https:\/\/www.mag-fruits.fr\/#website"},"datePublished":"2015-11-24T09:24:00+00:00","dateModified":"2020-01-22T07:39:17+00:00","description":"D\u00e9couvrez notre d\u00e9marche d'approvisionnement durable, des producteurs rigoureusement s\u00e9lectionn\u00e9s pr\u00e8s de chez vous pour des fruits et l\u00e9gumes locaux.","breadcrumb":{"@id":"https:\/\/www.mag-fruits.fr\/index.php\/approvisionnement-durable\/#breadcrumb"},"inLanguage":"fr-FR","potentialAction":[{"@type":"ReadAction","target":["https:\/\/www.mag-fruits.fr\/index.php\/approvisionnement-durable\/"]}]},{"@type":"BreadcrumbList","@id":"https:\/\/www.mag-fruits.fr\/index.php\/approvisionnement-durable\/#breadcrumb","itemListElement":[{"@type":"ListItem","position":1,"name":"Accueil","item":"https:\/\/www.mag-fruits.fr\/"},{"@type":"ListItem","position":2,"name":"Engagements &#8211; approvisionnements"}]}]}},"_links":{"self":[{"href":"https:\/\/www.mag-fruits.fr\/index.php\/wp-json\/wp\/v2\/pages\/105"}],"collection":[{"href":"https:\/\/www.mag-fruits.fr\/index.php\/wp-json\/wp\/v2\/pages"}],"about":[{"href":"https:\/\/www.mag-fruits.fr\/index.php\/wp-json\/wp\/v2\/types\/page"}],"author":[{"embeddable":true,"href":"https:\/\/www.mag-fruits.fr\/index.php\/wp-json\/wp\/v2\/users\/1"}],"replies":[{"embeddable":true,"href":"https:\/\/www.mag-fruits.fr\/index.php\/wp-json\/wp\/v2\/comments?post=105"}],"version-history":[{"count":63,"href":"https:\/\/www.mag-fruits.fr\/index.php\/wp-json\/wp\/v2\/pages\/105\/revisions"}],"predecessor-version":[{"id":1195,"href":"https:\/\/www.mag-fruits.fr\/index.php\/wp-json\/wp\/v2\/pages\/105\/revisions\/1195"}],"wp:attachment":[{"href":"https:\/\/www.mag-fruits.fr\/index.php\/wp-json\/wp\/v2\/media?parent=105"}],"curies":[{"name":"wp","href":"https:\/\/api.w.org\/{rel}","templated":true}]}}